{"id":2475,"date":"2025-08-02T22:23:20","date_gmt":"2025-08-03T05:23:20","guid":{"rendered":"https:\/\/soloaitool.com\/ponte-en-contacto-con\/"},"modified":"2026-02-07T19:26:44","modified_gmt":"2026-02-08T03:26:44","slug":"ponte-en-contacto-con","status":"publish","type":"page","link":"https:\/\/soloaitool.com\/es\/ponte-en-contacto-con\/","title":{"rendered":"Ponte en contacto con"},"content":{"rendered":"\n<div class=\"wp-block-uagb-container uagb-block-dde5c922 alignfull uagb-is-root-container\">\n<div class=\"wp-block-uagb-container uagb-block-b618de5d\">\n<div class=\"wp-block-uagb-advanced-heading uagb-block-1d772575\"><h1 class=\"uagb-heading-text\">Ponte en contacto con nosotros<\/h1><\/div>\n<\/div>\n<\/div>\n\n<div class=\"wp-block-uagb-container uagb-block-4e224ada alignfull uagb-is-root-container\"><div class=\"uagb-container-inner-blocks-wrap\">\n<div class=\"wp-block-uagb-advanced-heading uagb-block-82728486\"><h2 class=\"uagb-heading-text\">Preguntas frecuentes<\/h2><p class=\"uagb-desc-text\">Encuentra respuestas a las preguntas m\u00e1s habituales sobre nuestros servicios y herramientas para tu empresa.<\/p><\/div>\n\n\n\n<div class=\"wp-block-uagb-container uagb-block-cf0ac3c7\">\n<div class=\"wp-block-uagb-container uagb-block-1ea6688f\">\n<div class=\"wp-block-uagb-advanced-heading uagb-block-c25f8664\"><h3 class=\"uagb-heading-text\">\u00bfC\u00f3mo puede beneficiar la IA a mi empresa?<\/h3><p class=\"uagb-desc-text\">La IA puede agilizar las operaciones, potenciar la toma de decisiones y mejorar el compromiso con el cliente. Nuestras herramientas te ayudan a implantar estas soluciones f\u00e1cilmente. <\/p><\/div>\n<\/div>\n\n\n\n<div class=\"wp-block-uagb-container uagb-block-2d271026\">\n<div class=\"wp-block-uagb-advanced-heading uagb-block-f6e5a025\"><h3 class=\"uagb-heading-text\">\u00bfY si carezco de conocimientos t\u00e9cnicos?<\/h3><p class=\"uagb-desc-text\">Solo AI Tool est\u00e1 dise\u00f1ada para usuarios con conocimientos t\u00e9cnicos m\u00ednimos. Nuestras gu\u00edas pr\u00e1cticas hacen que la IA sea accesible para todos. <\/p><\/div>\n<\/div>\n\n\n\n<div class=\"wp-block-uagb-container uagb-block-348e541a\">\n<div class=\"wp-block-uagb-advanced-heading uagb-block-3e65cc82\"><h3 class=\"uagb-heading-text\">\u00bfHay costes?<\/h3><p class=\"uagb-desc-text\">Muchas herramientas y estrategias son asequibles, sin necesidad de grandes inversiones. \u00bfNosotros? Somos completamente gratuitos, y eso no va a cambiar.    <\/p><\/div>\n<\/div>\n\n\n\n<div class=\"wp-block-uagb-container uagb-block-5b4a8790\">\n<div class=\"wp-block-uagb-advanced-heading uagb-block-67b57a26\"><h3 class=\"uagb-heading-text\">\u00bfPuedo competir con empresas m\u00e1s grandes?<\/h3><p class=\"uagb-desc-text\">Por supuesto. Sugerimos estrategias para que las peque\u00f1as empresas puedan aprovechar la IA, permiti\u00e9ndoles competir eficazmente en el mercado. <\/p><\/div>\n<\/div>\n<\/div>\n<\/div><\/div>\n\n<div class=\"wp-block-uagb-container uagb-block-d8ff5336 alignfull uagb-is-root-container\"><div class=\"uagb-container-inner-blocks-wrap\">\n<div class=\"wp-block-uagb-container uagb-block-fce5a886 alignfull uagb-is-root-container\"><div class=\"uagb-container-inner-blocks-wrap\">\n<div class=\"wp-block-uagb-container uagb-block-72a3d8bc\">\n<div class=\"wp-block-uagb-advanced-heading uagb-block-fffbf575\"><h2 class=\"uagb-heading-text\">Contacta con nosotros<\/h2><p class=\"uagb-desc-text\">Rellena el formulario y te responderemos en breve con la informaci\u00f3n que necesitas.<\/p><\/div>\n<\/div>\n\n\n\n<div class=\"wp-block-uagb-container uagb-block-9b3dce78\">\n<div class=\"wp-block-group is-nowrap is-layout-flex wp-container-core-group-is-layout-6c531013 wp-block-group-is-layout-flex\">\n<div class=\"wp-block-uagb-container uagb-block-3c0d0e6d\">\n<div class=\"wpcf7 no-js\" id=\"wpcf7-f2453-o1\" lang=\"es-ES\" dir=\"ltr\" data-wpcf7-id=\"2453\">\n<div class=\"screen-reader-response\"><p role=\"status\" aria-live=\"polite\" aria-atomic=\"true\"><\/p> <ul><\/ul><\/div>\n<form action=\"\/es\/wp-json\/wp\/v2\/pages\/2475#wpcf7-f2453-o1\" method=\"post\" class=\"wpcf7-form init\" aria-label=\"Formulario de contacto\" novalidate=\"novalidate\" data-status=\"init\">\n<fieldset class=\"hidden-fields-container\"><input type=\"hidden\" name=\"_wpcf7\" value=\"2453\" \/><input type=\"hidden\" name=\"_wpcf7_version\" value=\"6.1.5\" \/><input type=\"hidden\" name=\"_wpcf7_locale\" value=\"es_ES\" \/><input type=\"hidden\" name=\"_wpcf7_unit_tag\" value=\"wpcf7-f2453-o1\" \/><input type=\"hidden\" name=\"_wpcf7_container_post\" value=\"0\" \/><input type=\"hidden\" name=\"_wpcf7_posted_data_hash\" value=\"\" \/><input type=\"hidden\" name=\"_uacf7_hidden_conditional_fields\" value=\"\" \/>\n<\/fieldset>\n<div class=\"uacf7-form-wrapper-container uacf7-form-2453  \"><label>  Tu nombre\n    <span class=\"wpcf7-form-control-wrap\" data-name=\"your-name\"><input size=\"40\" maxlength=\"400\" class=\"wpcf7-form-control wpcf7-text wpcf7-validates-as-required\" autocomplete=\"name\" aria-required=\"true\" aria-invalid=\"false\" value=\"\" type=\"text\" name=\"your-name\" \/><\/span> <\/label>\n\n<label>  Tu correo electr\u00f3nico\n    <span class=\"wpcf7-form-control-wrap\" data-name=\"your-email\"><input size=\"40\" maxlength=\"400\" class=\"wpcf7-form-control wpcf7-email wpcf7-validates-as-required wpcf7-text wpcf7-validates-as-email\" autocomplete=\"email\" aria-required=\"true\" aria-invalid=\"false\" value=\"\" type=\"email\" name=\"your-email\" \/><\/span> <\/label>\n\n<label>  Asunto\n    <span class=\"wpcf7-form-control-wrap\" data-name=\"your-subject\"><input size=\"40\" maxlength=\"400\" class=\"wpcf7-form-control wpcf7-text wpcf7-validates-as-required\" aria-required=\"true\" aria-invalid=\"false\" value=\"\" type=\"text\" name=\"your-subject\" \/><\/span> <\/label>\n\n<label>  Tu mensaje\n<span class=\"wpcf7-form-control-wrap\" data-name=\"text-795\"><input size=\"40\" maxlength=\"400\" class=\"wpcf7-form-control wpcf7-text\" aria-invalid=\"false\" value=\"\" type=\"text\" name=\"text-795\" \/><\/span><\/label>\n\t\t<span class=\"wpcf7-form-control-wrap uacf7_spam_protection-653\"\n\t\t\tdata-name=\"uacf7_spam_protection-653\">\n\t\t\t<div class=\"uacf7_spam_recognation\" iso2=&quot;iso2&quot; protection-method=&quot;none&quot; aria-invalid=&quot;false&quot; name=&quot;uacf7_spam_protection-653&quot; user-ip=&quot;216.73.216.10&quot;>\n\t\t\t\t\t\t\t\t\t\t<p>No Protection is applied<\/p>\n\t\t\t\t\n\t\t\t<\/div>\n\t\t<\/span>\n\t\t\n<input class=\"wpcf7-form-control wpcf7-submit has-spinner\" type=\"submit\" value=\"Env\u00eda\" \/><\/div><div class=\"wpcf7-response-output\" aria-hidden=\"true\"><\/div>\n<\/form>\n<\/div>\n\n<\/div>\n\n\n\n<div class=\"wp-block-uagb-container uagb-block-ccf149c8\">\n<div class=\"wp-block-uagb-advanced-heading uagb-block-2afadcdc\"><h3 class=\"uagb-heading-text\">Mantente conectado<\/h3><\/div>\n\n\n\n<div class=\"wp-block-uagb-icon-list uagb-block-f81a52c4\"><div class=\"uagb-icon-list__wrap\">\n<div class=\"wp-block-uagb-icon-list-child uagb-block-465f5b84\"><span class=\"uagb-icon-list__source-wrap\"><svg xmlns=\"https:\/\/www.w3.org\/2000\/svg\" viewbox=\"0 0 512 512\"><path d=\"M464 64C490.5 64 512 85.49 512 112C512 127.1 504.9 141.3 492.8 150.4L275.2 313.6C263.8 322.1 248.2 322.1 236.8 313.6L19.2 150.4C7.113 141.3 0 127.1 0 112C0 85.49 21.49 64 48 64H464zM217.6 339.2C240.4 356.3 271.6 356.3 294.4 339.2L512 176V384C512 419.3 483.3 448 448 448H64C28.65 448 0 419.3 0 384V176L217.6 339.2z\"><\/path><\/svg><\/span><span class=\"uagb-icon-list__label\">info@soloaitool.com<\/span><\/div>\n\n\n\n<div class=\"wp-block-uagb-icon-list-child uagb-block-8010da4f\"><span class=\"uagb-icon-list__source-wrap\"><svg xmlns=\"https:\/\/www.w3.org\/2000\/svg\" viewbox=\"0 0 384 512\"><path d=\"M168.3 499.2C116.1 435 0 279.4 0 192C0 85.96 85.96 0 192 0C298 0 384 85.96 384 192C384 279.4 267 435 215.7 499.2C203.4 514.5 180.6 514.5 168.3 499.2H168.3zM192 256C227.3 256 256 227.3 256 192C256 156.7 227.3 128 192 128C156.7 128 128 156.7 128 192C128 227.3 156.7 256 192 256z\"><\/path><\/svg><\/span><span class=\"uagb-icon-list__label\">San Diego, CA<\/span><\/div>\n<\/div><\/div>\n<\/div>\n<\/div>\n<\/div>\n<\/div><\/div>\n<\/div><\/div>\n\n<div class=\"wp-block-uagb-container uagb-block-d7b60fd6 alignfull uagb-is-root-container\"><div class=\"uagb-container-inner-blocks-wrap\">\n<div class=\"wp-block-uagb-info-box uagb-block-6fdc34d4 uagb-infobox__content-wrap  uagb-infobox-icon-above-title uagb-infobox-image-valign-top\"><div class=\"uagb-ifb-content\"><div class=\"uagb-ifb-title-wrap\"><h2 class=\"uagb-ifb-title\">\u00a1\u00danete hoy a la revoluci\u00f3n de la IA y crece!<\/h2><\/div><p class=\"uagb-ifb-desc\">Solo AI Tool se dedica a proporcionar soluciones pr\u00e1cticas de IA que permitan a los empresarios aut\u00f3nomos y a los trabajadores por cuenta propia prosperar en un entorno competitivo.<\/p><\/div><\/div>\n\n\n<div class=\"wp-block-jetpack-contact-form is-style-outlined\"><a href=\"https:\/\/soloaitool.com\/es\/ponte-en-contacto-con\/\" target=\"_blank\" rel=\"noopener noreferrer\">Env\u00eda un formulario.<\/a><\/div><\/div><\/div>\n\n<pre class=\"wp-block-code uag-hide-desktop uag-hide-tab uag-hide-mob\"><code>&lt;!-- Event snippet for Submit lead form conversion page\nIn your html page, add the snippet and call gtag_report_conversion when someone clicks on the chosen link or button. --&gt;\n&lt;script&gt;\nfunction gtag_report_conversion(url) {\n  var callback = function () {\n    if (typeof(url) != 'undefined') {\n      window.location = url;\n    }\n  };\n  gtag('event', 'conversion', {\n      'send_to': 'AW-17468131506\/nr5JCJ385o0bELKRuolB',\n      'event_callback': callback\n  });\n  return false;\n}\n&lt;\/script&gt;<\/code><\/pre>\n","protected":false},"excerpt":{"rendered":"<p>Ponte en contacto con nosotros Preguntas frecuentes Encuentra respuestas a las preguntas m\u00e1s habituales sobre nuestros servicios y herramientas para [&hellip;]<\/p>\n","protected":false},"author":1,"featured_media":0,"parent":0,"menu_order":0,"comment_status":"closed","ping_status":"closed","template":"","meta":{"nf_dc_page":"","_uag_custom_page_level_css":"","site-sidebar-layout":"default","site-content-layout":"","ast-site-content-layout":"default","site-content-style":"default","site-sidebar-style":"default","ast-global-header-display":"","ast-banner-title-visibility":"","ast-main-header-display":"","ast-hfb-above-header-display":"","ast-hfb-below-header-display":"","ast-hfb-mobile-header-display":"","site-post-title":"disabled","ast-breadcrumbs-content":"","ast-featured-img":"","footer-sml-layout":"","ast-disable-related-posts":"","theme-transparent-header-meta":"","adv-header-id-meta":"","stick-header-meta":"","header-above-stick-meta":"","header-main-stick-meta":"","header-below-stick-meta":"","astra-migrate-meta-layouts":"default","ast-page-background-enabled":"default","ast-page-background-meta":{"desktop":{"background-color":"var(--ast-global-color-4)","background-image":"","background-repeat":"repeat","background-position":"center center","background-size":"auto","background-attachment":"scroll","background-type":"","background-media":"","overlay-type":"","overlay-color":"","overlay-opacity":"","overlay-gradient":""},"tablet":{"background-color":"","background-image":"","background-repeat":"repeat","background-position":"center center","background-size":"auto","background-attachment":"scroll","background-type":"","background-media":"","overlay-type":"","overlay-color":"","overlay-opacity":"","overlay-gradient":""},"mobile":{"background-color":"","background-image":"","background-repeat":"repeat","background-position":"center center","background-size":"auto","background-attachment":"scroll","background-type":"","background-media":"","overlay-type":"","overlay-color":"","overlay-opacity":"","overlay-gradient":""}},"ast-content-background-meta":{"desktop":{"background-color":"var(--ast-global-color-5)","background-image":"","background-repeat":"repeat","background-position":"center center","background-size":"auto","background-attachment":"scroll","background-type":"","background-media":"","overlay-type":"","overlay-color":"","overlay-opacity":"","overlay-gradient":""},"tablet":{"background-color":"var(--ast-global-color-5)","background-image":"","background-repeat":"repeat","background-position":"center center","background-size":"auto","background-attachment":"scroll","background-type":"","background-media":"","overlay-type":"","overlay-color":"","overlay-opacity":"","overlay-gradient":""},"mobile":{"background-color":"var(--ast-global-color-5)","background-image":"","background-repeat":"repeat","background-position":"center center","background-size":"auto","background-attachment":"scroll","background-type":"","background-media":"","overlay-type":"","overlay-color":"","overlay-opacity":"","overlay-gradient":""}},"footnotes":""},"class_list":["post-2475","page","type-page","status-publish","hentry"],"yoast_head":"<!-- This site is optimized with the Yoast SEO plugin v27.6 - https:\/\/yoast.com\/product\/yoast-seo-wordpress\/ -->\n<title>Ponte en contacto con &#8211; Solo AI Tool<\/title>\n<meta name=\"robots\" content=\"index, follow, max-snippet:-1, max-image-preview:large, max-video-preview:-1\" \/>\n<link rel=\"canonical\" href=\"https:\/\/soloaitool.com\/es\/ponte-en-contacto-con\/\" \/>\n<meta property=\"og:locale\" content=\"es_ES\" \/>\n<meta property=\"og:type\" content=\"article\" \/>\n<meta property=\"og:title\" content=\"Ponte en contacto con &#8211; Solo AI Tool\" \/>\n<meta property=\"og:description\" content=\"Ponte en contacto con nosotros Preguntas frecuentes Encuentra respuestas a las preguntas m\u00e1s habituales sobre nuestros servicios y herramientas para [&hellip;]\" \/>\n<meta property=\"og:url\" content=\"https:\/\/soloaitool.com\/es\/ponte-en-contacto-con\/\" \/>\n<meta property=\"og:site_name\" content=\"Solo AI Tool\" \/>\n<meta property=\"article:modified_time\" content=\"2026-02-08T03:26:44+00:00\" \/>\n<meta property=\"og:image\" content=\"https:\/\/i0.wp.com\/soloaitool.com\/wp-content\/uploads\/2025\/08\/Solo-AI-logo_app-icon.webp?fit=875%2C875&ssl=1\" \/>\n\t<meta property=\"og:image:width\" content=\"875\" \/>\n\t<meta property=\"og:image:height\" content=\"875\" \/>\n\t<meta property=\"og:image:type\" content=\"image\/webp\" \/>\n<meta name=\"twitter:card\" content=\"summary_large_image\" \/>\n<meta name=\"twitter:label1\" content=\"Tiempo de lectura\" \/>\n\t<meta name=\"twitter:data1\" content=\"1 minuto\" \/>\n<script type=\"application\/ld+json\" class=\"yoast-schema-graph\">{\"@context\":\"https:\\\/\\\/schema.org\",\"@graph\":[{\"@type\":\"WebPage\",\"@id\":\"https:\\\/\\\/soloaitool.com\\\/es\\\/ponte-en-contacto-con\\\/\",\"url\":\"https:\\\/\\\/soloaitool.com\\\/es\\\/ponte-en-contacto-con\\\/\",\"name\":\"Ponte en contacto con &#8211; Solo AI Tool\",\"isPartOf\":{\"@id\":\"https:\\\/\\\/soloaitool.com\\\/es\\\/#website\"},\"datePublished\":\"2025-08-03T05:23:20+00:00\",\"dateModified\":\"2026-02-08T03:26:44+00:00\",\"breadcrumb\":{\"@id\":\"https:\\\/\\\/soloaitool.com\\\/es\\\/ponte-en-contacto-con\\\/#breadcrumb\"},\"inLanguage\":\"es\",\"potentialAction\":[{\"@type\":\"ReadAction\",\"target\":[\"https:\\\/\\\/soloaitool.com\\\/es\\\/ponte-en-contacto-con\\\/\"]}]},{\"@type\":\"BreadcrumbList\",\"@id\":\"https:\\\/\\\/soloaitool.com\\\/es\\\/ponte-en-contacto-con\\\/#breadcrumb\",\"itemListElement\":[{\"@type\":\"ListItem\",\"position\":1,\"name\":\"Home\",\"item\":\"https:\\\/\\\/soloaitool.com\\\/es\\\/inicio\\\/\"},{\"@type\":\"ListItem\",\"position\":2,\"name\":\"Ponte en contacto con\"}]},{\"@type\":\"WebSite\",\"@id\":\"https:\\\/\\\/soloaitool.com\\\/es\\\/#website\",\"url\":\"https:\\\/\\\/soloaitool.com\\\/es\\\/\",\"name\":\"Solo AI Tool\",\"description\":\"Empower Your Business with AI Solutions. Always Free\",\"publisher\":{\"@id\":\"https:\\\/\\\/soloaitool.com\\\/es\\\/#organization\"},\"potentialAction\":[{\"@type\":\"SearchAction\",\"target\":{\"@type\":\"EntryPoint\",\"urlTemplate\":\"https:\\\/\\\/soloaitool.com\\\/es\\\/?s={search_term_string}\"},\"query-input\":{\"@type\":\"PropertyValueSpecification\",\"valueRequired\":true,\"valueName\":\"search_term_string\"}}],\"inLanguage\":\"es\"},{\"@type\":\"Organization\",\"@id\":\"https:\\\/\\\/soloaitool.com\\\/es\\\/#organization\",\"name\":\"Solo AI Tool\",\"url\":\"https:\\\/\\\/soloaitool.com\\\/es\\\/\",\"logo\":{\"@type\":\"ImageObject\",\"inLanguage\":\"es\",\"@id\":\"https:\\\/\\\/soloaitool.com\\\/es\\\/#\\\/schema\\\/logo\\\/image\\\/\",\"url\":\"https:\\\/\\\/i0.wp.com\\\/soloaitool.com\\\/wp-content\\\/uploads\\\/2025\\\/08\\\/Solo-AI-logo_app-icon.png?fit=875%2C875&ssl=1\",\"contentUrl\":\"https:\\\/\\\/i0.wp.com\\\/soloaitool.com\\\/wp-content\\\/uploads\\\/2025\\\/08\\\/Solo-AI-logo_app-icon.png?fit=875%2C875&ssl=1\",\"width\":875,\"height\":875,\"caption\":\"Solo AI Tool\"},\"image\":{\"@id\":\"https:\\\/\\\/soloaitool.com\\\/es\\\/#\\\/schema\\\/logo\\\/image\\\/\"}}]}<\/script>\n<!-- \/ Yoast SEO plugin. -->","yoast_head_json":{"title":"Ponte en contacto con &#8211; Solo AI Tool","robots":{"index":"index","follow":"follow","max-snippet":"max-snippet:-1","max-image-preview":"max-image-preview:large","max-video-preview":"max-video-preview:-1"},"canonical":"https:\/\/soloaitool.com\/es\/ponte-en-contacto-con\/","og_locale":"es_ES","og_type":"article","og_title":"Ponte en contacto con &#8211; Solo AI Tool","og_description":"Ponte en contacto con nosotros Preguntas frecuentes Encuentra respuestas a las preguntas m\u00e1s habituales sobre nuestros servicios y herramientas para [&hellip;]","og_url":"https:\/\/soloaitool.com\/es\/ponte-en-contacto-con\/","og_site_name":"Solo AI Tool","article_modified_time":"2026-02-08T03:26:44+00:00","og_image":[{"width":875,"height":875,"url":"https:\/\/i0.wp.com\/soloaitool.com\/wp-content\/uploads\/2025\/08\/Solo-AI-logo_app-icon.webp?fit=875%2C875&ssl=1","type":"image\/webp"}],"twitter_card":"summary_large_image","twitter_misc":{"Tiempo de lectura":"1 minuto"},"schema":{"@context":"https:\/\/schema.org","@graph":[{"@type":"WebPage","@id":"https:\/\/soloaitool.com\/es\/ponte-en-contacto-con\/","url":"https:\/\/soloaitool.com\/es\/ponte-en-contacto-con\/","name":"Ponte en contacto con &#8211; Solo AI Tool","isPartOf":{"@id":"https:\/\/soloaitool.com\/es\/#website"},"datePublished":"2025-08-03T05:23:20+00:00","dateModified":"2026-02-08T03:26:44+00:00","breadcrumb":{"@id":"https:\/\/soloaitool.com\/es\/ponte-en-contacto-con\/#breadcrumb"},"inLanguage":"es","potentialAction":[{"@type":"ReadAction","target":["https:\/\/soloaitool.com\/es\/ponte-en-contacto-con\/"]}]},{"@type":"BreadcrumbList","@id":"https:\/\/soloaitool.com\/es\/ponte-en-contacto-con\/#breadcrumb","itemListElement":[{"@type":"ListItem","position":1,"name":"Home","item":"https:\/\/soloaitool.com\/es\/inicio\/"},{"@type":"ListItem","position":2,"name":"Ponte en contacto con"}]},{"@type":"WebSite","@id":"https:\/\/soloaitool.com\/es\/#website","url":"https:\/\/soloaitool.com\/es\/","name":"Solo AI Tool","description":"Empower Your Business with AI Solutions. Always Free","publisher":{"@id":"https:\/\/soloaitool.com\/es\/#organization"},"potentialAction":[{"@type":"SearchAction","target":{"@type":"EntryPoint","urlTemplate":"https:\/\/soloaitool.com\/es\/?s={search_term_string}"},"query-input":{"@type":"PropertyValueSpecification","valueRequired":true,"valueName":"search_term_string"}}],"inLanguage":"es"},{"@type":"Organization","@id":"https:\/\/soloaitool.com\/es\/#organization","name":"Solo AI Tool","url":"https:\/\/soloaitool.com\/es\/","logo":{"@type":"ImageObject","inLanguage":"es","@id":"https:\/\/soloaitool.com\/es\/#\/schema\/logo\/image\/","url":"https:\/\/i0.wp.com\/soloaitool.com\/wp-content\/uploads\/2025\/08\/Solo-AI-logo_app-icon.png?fit=875%2C875&ssl=1","contentUrl":"https:\/\/i0.wp.com\/soloaitool.com\/wp-content\/uploads\/2025\/08\/Solo-AI-logo_app-icon.png?fit=875%2C875&ssl=1","width":875,"height":875,"caption":"Solo AI Tool"},"image":{"@id":"https:\/\/soloaitool.com\/es\/#\/schema\/logo\/image\/"}}]}},"uagb_featured_image_src":{"full":false,"thumbnail":false,"medium":false,"medium_large":false,"large":false,"1536x1536":false,"2048x2048":false},"uagb_author_info":{"display_name":"Antonio De Palma","author_link":"https:\/\/soloaitool.com\/es\/author\/biggsontheshow\/"},"uagb_comment_info":0,"uagb_excerpt":"Ponte en contacto con nosotros Preguntas frecuentes Encuentra respuestas a las preguntas m\u00e1s habituales sobre nuestros servicios y herramientas para [&hellip;]","jetpack_sharing_enabled":true,"_links":{"self":[{"href":"https:\/\/soloaitool.com\/es\/wp-json\/wp\/v2\/pages\/2475","targetHints":{"allow":["GET"]}}],"collection":[{"href":"https:\/\/soloaitool.com\/es\/wp-json\/wp\/v2\/pages"}],"about":[{"href":"https:\/\/soloaitool.com\/es\/wp-json\/wp\/v2\/types\/page"}],"author":[{"embeddable":true,"href":"https:\/\/soloaitool.com\/es\/wp-json\/wp\/v2\/users\/1"}],"replies":[{"embeddable":true,"href":"https:\/\/soloaitool.com\/es\/wp-json\/wp\/v2\/comments?post=2475"}],"version-history":[{"count":2,"href":"https:\/\/soloaitool.com\/es\/wp-json\/wp\/v2\/pages\/2475\/revisions"}],"predecessor-version":[{"id":2480,"href":"https:\/\/soloaitool.com\/es\/wp-json\/wp\/v2\/pages\/2475\/revisions\/2480"}],"wp:attachment":[{"href":"https:\/\/soloaitool.com\/es\/wp-json\/wp\/v2\/media?parent=2475"}],"curies":[{"name":"wp","href":"https:\/\/api.w.org\/{rel}","templated":true}]}}