{"id":2490,"date":"2026-01-18T17:13:53","date_gmt":"2026-01-19T01:13:53","guid":{"rendered":"https:\/\/soloaitool.com\/motor-de-contenidos-de-ia-soloaitool\/"},"modified":"2026-02-25T10:25:22","modified_gmt":"2026-02-25T18:25:22","slug":"motor-de-contenidos-de-ia-soloaitool","status":"publish","type":"page","link":"https:\/\/soloaitool.com\/es\/motor-de-contenidos-de-ia-soloaitool\/","title":{"rendered":"Motor de contenidos de IA SoloAITool"},"content":{"rendered":"\n<div class=\"wp-block-uagb-container uagb-block-19f6fd4b alignfull uagb-is-root-container\"><div class=\"uagb-container-inner-blocks-wrap\">\n<p class=\"\"><strong>Crea una semana completa de contenidos en unos 60 minutos.<\/strong>  Instalamos un sencillo sistema de contenidos de IA, hecho por ti, para que puedas escribir blogs, publicaciones en redes sociales y boletines de noticias 3-5 veces m\u00e1s r\u00e1pido, sin tener que aprender instrucciones ni hacer malabarismos con las herramientas.<\/p>\n\n\n\n<div class=\"wp-block-uagb-container uagb-block-2f9714e2 default uagb-is-root-container\">\n<div class=\"wp-block-uagb-container uagb-block-7f59a8c2\">\n<h2 class=\"wp-block-heading\">A qui\u00e9n va dirigido<\/h2>\n\n\n\n<p class=\"\">Est\u00e1 pensado para empresarios en solitario, consultores, asesores y propietarios de peque\u00f1as empresas que saben que el contenido es importante, pero no tienen tiempo (o energ\u00eda) para ser constantes.<\/p>\n\n\n\n<ul class=\"wp-block-list\">\n<li class=\"\">Quieres publicar m\u00e1s, pero se te va de las manos<\/li>\n\n\n\n<li class=\"\">Odias mirar una p\u00e1gina en blanco<\/li>\n\n\n\n<li class=\"\">Tienes ideas, pero escribir lleva demasiado tiempo<\/li>\n\n\n\n<li class=\"\">Has probado herramientas de IA, pero la configuraci\u00f3n parece desordenada<\/li>\n<\/ul>\n<\/div>\n\n\n\n<div class=\"wp-block-uagb-container uagb-block-4a006961\">      \n\t\t\t<div class=\"uagb-icon-wrapper uagb-block-3c43af47      \"\n\t\t\tstyle=\"\" >\n\t\t\t\t\t\t\t\t\t<span class=\"uagb-svg-wrapper\" \n\t\t\t\t\t aria-label=\"comment-dollar\"\t\t\t\t\ttabindex=\"0\">\t\t\n\t\t\t\t\t\t\t\t\t\t<svg xmlns=\"https:\/\/www.w3.org\/2000\/svg\" viewBox= \"0 0 512 512\" role=\"graphics-symbol\" aria-hidden=\"false\" aria-label=\"\"><path d=\"M256 31.1c-141.4 0-255.1 93.09-255.1 208c0 49.59 21.37 94.1 56.97 130.7c-12.5 50.39-54.31 95.3-54.81 95.8C0 468.8-.5938 472.2 .6875 475.2C1.1 478.2 4.813 479.1 8 479.1c66.31 0 116-31.8 140.6-51.41c32.72 12.31 69.02 19.41 107.4 19.41c141.4 0 255.1-93.09 255.1-207.1S397.4 31.1 256 31.1zM317.8 282.3c-3.623 20.91-19.47 34.64-41.83 39.43V332c0 11.03-8.946 20-19.99 20S236 343 236 332v-10.77c-8.682-1.922-17.3-4.723-25.06-7.512l-4.266-1.5C196.3 308.5 190.8 297.1 194.5 286.7c3.688-10.41 15.11-15.81 25.52-12.22l4.469 1.625c7.844 2.812 16.72 6 23.66 7.031c13.72 2.125 28.94 .1875 30.31-7.625c.875-5.094 1.359-7.906-27.92-16.28L244.7 257.5c-17.33-5.094-57.92-17-50.52-59.84C197.8 176.8 213.6 162.8 236 157.1V148c0-11.03 8.961-20 20.01-20s19.99 8.969 19.99 20v10.63c5.453 1.195 11.34 2.789 18.56 5.273c10.44 3.625 15.95 15.03 12.33 25.47c-3.625 10.41-15.06 15.94-25.45 12.34c-5.859-2.031-12-4-17.59-4.844C250.2 194.8 234.1 196.7 233.6 204.5C232.8 208.1 232.3 212.2 255.1 219.2l5.547 1.594C283.8 227.1 325.3 239 317.8 282.3z\"><\/path><\/svg>\n\t\t\t\t\t\t\t\t\t<\/span>\n\t\t\t\t\t\t\t<\/div>\n\t\t\t<\/div>\n<\/div>\n<\/div><\/div>\n\n<div class=\"wp-block-uagb-container uagb-block-4f8d9466 alignfull uagb-is-root-container\"><div class=\"uagb-container-inner-blocks-wrap\">\n<div class=\"wp-block-uagb-container uagb-block-4cf05a5d\">      \n\t\t\t<div class=\"uagb-icon-wrapper uagb-block-ad052767      \"\n\t\t\tstyle=\"\" >\n\t\t\t\t\t\t\t\t\t<span class=\"uagb-svg-wrapper\" \n\t\t\t\t\t aria-label=\"bag-shopping\"\t\t\t\t\ttabindex=\"0\">\t\t\n\t\t\t\t\t\t\t\t\t\t<svg xmlns=\"https:\/\/www.w3.org\/2000\/svg\" viewBox= \"0 0 448 512\" role=\"graphics-symbol\" aria-hidden=\"false\" aria-label=\"\"><path d=\"M112 112C112 50.14 162.1 0 224 0C285.9 0 336 50.14 336 112V160H400C426.5 160 448 181.5 448 208V416C448 469 405 512 352 512H96C42.98 512 0 469 0 416V208C0 181.5 21.49 160 48 160H112V112zM160 160H288V112C288 76.65 259.3 48 224 48C188.7 48 160 76.65 160 112V160zM136 256C149.3 256 160 245.3 160 232C160 218.7 149.3 208 136 208C122.7 208 112 218.7 112 232C112 245.3 122.7 256 136 256zM312 208C298.7 208 288 218.7 288 232C288 245.3 298.7 256 312 256C325.3 256 336 245.3 336 232C336 218.7 325.3 208 312 208z\"><\/path><\/svg>\n\t\t\t\t\t\t\t\t\t<\/span>\n\t\t\t\t\t\t\t<\/div>\n\t\t\t<\/div>\n\n\n\n<div class=\"wp-block-uagb-container uagb-block-dfebcc62\">\n<h2 class=\"wp-block-heading\">Lo que obtienes<\/h2>\n\n\n\n<p class=\"\">Construimos e instalamos un sistema sencillo que puedes reutilizar cada semana. Sin complejos cuadros de mando. Nada de &#8220;ingenier\u00eda r\u00e1pida&#8221;. S\u00f3lo un flujo de trabajo claro.   <\/p>\n\n\n\n<ul class=\"wp-block-list\">\n<li class=\"\"><strong>Google Docs + plantillas Notion<\/strong> (utiliza cualquiera de los dos, o ambos)<\/li>\n\n\n\n<li class=\"\"><strong>Instrucciones &#8220;Empieza aqu\u00ed&#8221; de una p\u00e1gina<\/strong> para que siempre sepas qu\u00e9 hacer a continuaci\u00f3n<\/li>\n\n\n\n<li class=\"\"><strong>4 indicaciones b\u00e1sicas<\/strong> para escribir, mejorar, reutilizar y generar ganchos\/t\u00edtulos<\/li>\n\n\n\n<li class=\"\"><strong>Configuraci\u00f3n de voz de marca<\/strong> para que la escritura de IA suene como t\u00fa<\/li>\n\n\n\n<li class=\"\"><strong>1 breve v\u00eddeo del Telar<\/strong> que muestra exactamente c\u00f3mo utilizar el sistema<\/li>\n<\/ul>\n<\/div>\n<\/div><\/div>\n\n<div class=\"wp-block-uagb-container uagb-block-d2421c04 alignfull uagb-is-root-container\"><div class=\"uagb-container-inner-blocks-wrap\">\n<h2 class=\"wp-block-heading\">C\u00f3mo funciona<\/h2>\n<\/div><\/div>\n\n<div class=\"wp-block-uagb-container uagb-block-38da7718 alignfull uagb-is-root-container\"><div class=\"uagb-container-inner-blocks-wrap\">\n<div class=\"wp-block-uagb-container uagb-block-36f6bc37\">\n<h3 class=\"wp-block-heading\">1) Llamada de configuraci\u00f3n r\u00e1pida (30 minutos)<\/h3>\n\n\n\n<p class=\"\">Aclaramos tu p\u00fablico, tus ofertas y c\u00f3mo es un &#8220;buen contenido&#8221; para tu negocio.<\/p>\n<\/div>\n\n\n\n<div class=\"wp-block-uagb-container uagb-block-18b9342b\">\n<h3 class=\"wp-block-heading\">2) Construimos tu sistema<\/h3>\n\n\n\n<p class=\"\">Recibir\u00e1s tus plantillas Docs + Notion, un paquete de avisos y un sencillo flujo de trabajo semanal.<\/p>\n<\/div>\n\n\n\n<div class=\"wp-block-uagb-container uagb-block-a6a8a8bb\">\n<h3 class=\"wp-block-heading\">3) Traspaso + recorrido<\/h3>\n\n\n\n<p class=\"\">Te entregamos un v\u00eddeo explicativo + una breve gu\u00eda para que puedas empezar a utilizarlo inmediatamente.<\/p>\n<\/div>\n<\/div><\/div>\n\n<div class=\"wp-block-uagb-container uagb-block-88e87df0 alignfull uagb-is-root-container\"><div class=\"uagb-container-inner-blocks-wrap\">\n<div class=\"wp-block-uagb-container uagb-block-b28de530\">\n<h2 class=\"wp-block-heading\">El flujo de trabajo semanal (sencillo)<\/h2>\n\n\n\n<p class=\"\">Tu sistema sigue 3 pasos:<\/p>\n\n\n\n<ol class=\"wp-block-list\">\n<li class=\"\"><strong>Planifica<\/strong> &#8211; elige una idea de tu lista de pendientes<\/li>\n\n\n\n<li class=\"\"><strong>Escribe<\/strong> &#8211; genera un borrador utilizando una indicaci\u00f3n<\/li>\n\n\n\n<li class=\"\"><strong>Repurpose<\/strong> &#8211; convi\u00e9rtelo en posts sociales + un bolet\u00edn en minutos<\/li>\n<\/ol>\n<\/div>\n\n\n\n<div class=\"wp-block-uagb-container uagb-block-6f6822ef\">      \n\t\t\t<div class=\"uagb-icon-wrapper uagb-block-1053959a      \"\n\t\t\tstyle=\"\" >\n\t\t\t\t\t\t\t\t\t<span class=\"uagb-svg-wrapper\" \n\t\t\t\t\t aria-label=\"circle-notch\"\t\t\t\t\ttabindex=\"0\">\t\t\n\t\t\t\t\t\t\t\t\t\t<svg xmlns=\"https:\/\/www.w3.org\/2000\/svg\" viewBox= \"0 0 512 512\" role=\"graphics-symbol\" aria-hidden=\"false\" aria-label=\"\"><path d=\"M222.7 32.15C227.7 49.08 218.1 66.9 201.1 71.94C121.8 95.55 64 169.1 64 255.1C64 362 149.1 447.1 256 447.1C362 447.1 448 362 448 255.1C448 169.1 390.2 95.55 310.9 71.94C293.9 66.9 284.3 49.08 289.3 32.15C294.4 15.21 312.2 5.562 329.1 10.6C434.9 42.07 512 139.1 512 255.1C512 397.4 397.4 511.1 256 511.1C114.6 511.1 0 397.4 0 255.1C0 139.1 77.15 42.07 182.9 10.6C199.8 5.562 217.6 15.21 222.7 32.15V32.15z\"><\/path><\/svg>\n\t\t\t\t\t\t\t\t\t<\/span>\n\t\t\t\t\t\t\t<\/div>\n\t\t\t<\/div>\n<\/div><\/div>\n\n<div class=\"wp-block-uagb-container uagb-block-960679b2 alignfull uagb-is-root-container\"><div class=\"uagb-container-inner-blocks-wrap\">\n<div class=\"wp-block-uagb-container uagb-block-ab9b83f3\">      \n\t\t\t<div class=\"uagb-icon-wrapper uagb-block-8319d770      \"\n\t\t\tstyle=\"\" >\n\t\t\t\t\t\t\t\t\t<span class=\"uagb-svg-wrapper\" \n\t\t\t\t\t aria-label=\"tag\"\t\t\t\t\ttabindex=\"0\">\t\t\n\t\t\t\t\t\t\t\t\t\t<svg xmlns=\"https:\/\/www.w3.org\/2000\/svg\" viewBox= \"0 0 448 512\" role=\"graphics-symbol\" aria-hidden=\"false\" aria-label=\"\"><path d=\"M48 32H197.5C214.5 32 230.7 38.74 242.7 50.75L418.7 226.7C443.7 251.7 443.7 292.3 418.7 317.3L285.3 450.7C260.3 475.7 219.7 475.7 194.7 450.7L18.75 274.7C6.743 262.7 0 246.5 0 229.5V80C0 53.49 21.49 32 48 32L48 32zM112 176C129.7 176 144 161.7 144 144C144 126.3 129.7 112 112 112C94.33 112 80 126.3 80 144C80 161.7 94.33 176 112 176z\"><\/path><\/svg>\n\t\t\t\t\t\t\t\t\t<\/span>\n\t\t\t\t\t\t\t<\/div>\n\t\t\t<\/div>\n\n\n\n<div class=\"wp-block-uagb-container uagb-block-b7531670\">\n<h2 class=\"wp-block-heading\">Precios<\/h2>\n\n\n\n<p class=\"\"><strong>1.200 $<\/strong> de instalaci\u00f3n \u00fanica. Entrega en <strong>5-7 d\u00edas<\/strong>. Plazas mensuales limitadas.  <\/p>\n<\/div>\n<\/div><\/div>\n\n<div class=\"wp-block-uagb-container uagb-block-fce5a886 alignfull uagb-is-root-container\"><div class=\"uagb-container-inner-blocks-wrap\">\n<div class=\"wp-block-uagb-container uagb-block-72a3d8bc\">\n<div class=\"wp-block-uagb-advanced-heading uagb-block-fffbf575\"><h2 class=\"uagb-heading-text\">Reserva tu llamada de configuraci\u00f3n<\/h2><p class=\"uagb-desc-text\">\u00bfPreparado para publicar sistem\u00e1ticamente sin pasarte los fines de semana escribiendo? Reserva una llamada de configuraci\u00f3n de 30 minutos y mapearemos tu motor de contenidos. <\/p><\/div>\n<\/div>\n\n\n\n<div class=\"wp-block-uagb-container uagb-block-9b3dce78\">\n<div class=\"wp-block-group is-content-justification-center is-nowrap is-layout-flex wp-container-core-group-is-layout-23441af8 wp-block-group-is-layout-flex\">\n<div class=\"wp-block-uagb-container uagb-block-3c0d0e6d\">\n<div class=\"wpcf7 no-js\" id=\"wpcf7-f2453-o1\" lang=\"es-ES\" dir=\"ltr\" data-wpcf7-id=\"2453\">\n<div class=\"screen-reader-response\"><p role=\"status\" aria-live=\"polite\" aria-atomic=\"true\"><\/p> <ul><\/ul><\/div>\n<form action=\"\/es\/wp-json\/wp\/v2\/pages\/2490#wpcf7-f2453-o1\" method=\"post\" class=\"wpcf7-form init\" aria-label=\"Formulario de contacto\" novalidate=\"novalidate\" data-status=\"init\">\n<fieldset class=\"hidden-fields-container\"><input type=\"hidden\" name=\"_wpcf7\" value=\"2453\" \/><input type=\"hidden\" name=\"_wpcf7_version\" value=\"6.1.5\" \/><input type=\"hidden\" name=\"_wpcf7_locale\" value=\"es_ES\" \/><input type=\"hidden\" name=\"_wpcf7_unit_tag\" value=\"wpcf7-f2453-o1\" \/><input type=\"hidden\" name=\"_wpcf7_container_post\" value=\"0\" \/><input type=\"hidden\" name=\"_wpcf7_posted_data_hash\" value=\"\" \/><input type=\"hidden\" name=\"_uacf7_hidden_conditional_fields\" value=\"\" \/>\n<\/fieldset>\n<div class=\"uacf7-form-wrapper-container uacf7-form-2453  \"><label>  Tu nombre\n    <span class=\"wpcf7-form-control-wrap\" data-name=\"your-name\"><input size=\"40\" maxlength=\"400\" class=\"wpcf7-form-control wpcf7-text wpcf7-validates-as-required\" autocomplete=\"name\" aria-required=\"true\" aria-invalid=\"false\" value=\"\" type=\"text\" name=\"your-name\" \/><\/span> <\/label>\n\n<label>  Tu correo electr\u00f3nico\n    <span class=\"wpcf7-form-control-wrap\" data-name=\"your-email\"><input size=\"40\" maxlength=\"400\" class=\"wpcf7-form-control wpcf7-email wpcf7-validates-as-required wpcf7-text wpcf7-validates-as-email\" autocomplete=\"email\" aria-required=\"true\" aria-invalid=\"false\" value=\"\" type=\"email\" name=\"your-email\" \/><\/span> <\/label>\n\n<label>  Asunto\n    <span class=\"wpcf7-form-control-wrap\" data-name=\"your-subject\"><input size=\"40\" maxlength=\"400\" class=\"wpcf7-form-control wpcf7-text wpcf7-validates-as-required\" aria-required=\"true\" aria-invalid=\"false\" value=\"\" type=\"text\" name=\"your-subject\" \/><\/span> <\/label>\n\n<label>  Tu mensaje\n<span class=\"wpcf7-form-control-wrap\" data-name=\"text-795\"><input size=\"40\" maxlength=\"400\" class=\"wpcf7-form-control wpcf7-text\" aria-invalid=\"false\" value=\"\" type=\"text\" name=\"text-795\" \/><\/span><\/label>\n\t\t<span class=\"wpcf7-form-control-wrap uacf7_spam_protection-653\"\n\t\t\tdata-name=\"uacf7_spam_protection-653\">\n\t\t\t<div class=\"uacf7_spam_recognation\" iso2=&quot;iso2&quot; protection-method=&quot;none&quot; aria-invalid=&quot;false&quot; name=&quot;uacf7_spam_protection-653&quot; user-ip=&quot;216.73.216.209&quot;>\n\t\t\t\t\t\t\t\t\t\t<p>No Protection is applied<\/p>\n\t\t\t\t\n\t\t\t<\/div>\n\t\t<\/span>\n\t\t\n<input class=\"wpcf7-form-control wpcf7-submit has-spinner\" type=\"submit\" value=\"Env\u00eda\" \/><\/div><p style=\"display: none !important;\" class=\"akismet-fields-container\" data-prefix=\"_wpcf7_ak_\"><label>&#916;<textarea name=\"_wpcf7_ak_hp_textarea\" cols=\"45\" rows=\"8\" maxlength=\"100\"><\/textarea><\/label><input type=\"hidden\" id=\"ak_js_1\" name=\"_wpcf7_ak_js\" value=\"228\"\/><script>document.getElementById( \"ak_js_1\" ).setAttribute( \"value\", ( new Date() ).getTime() );<\/script><\/p><div class=\"wpcf7-response-output\" aria-hidden=\"true\"><\/div>\n<\/form>\n<\/div>\n\n<\/div>\n<\/div>\n<\/div>\n<\/div><\/div>\n\n<div class=\"wp-block-uagb-container uagb-block-4afee30d alignfull uagb-is-root-container\"><div class=\"uagb-container-inner-blocks-wrap\">\n<h2 class=\"wp-block-heading\">PREGUNTAS FRECUENTES<\/h2>\n\n\n\n<h3 class=\"wp-block-heading\">\u00bfNecesito Notion?<\/h3>\n\n\n\n<p class=\"\">No. S\u00f3lo puedes utilizar Google Docs. Proporcionamos ambas versiones para que el sistema se adapte a tu forma de trabajar.  <\/p>\n<\/div><\/div>\n\n<h3 class=\"wp-block-heading\">\u00bfSonar\u00e1 como yo?<\/h3>\n\n<p class=\"\">S\u00ed. Configuramos la voz de tu marca utilizando tu sitio web, tus ofertas y cualquier contenido existente para que el resultado coincida con tu tono. <\/p>\n\n<h3 class=\"wp-block-heading\">\u00bfCu\u00e1nto tiempo ahorrar\u00e1s?<\/h3>\n\n<p class=\"\">La mayor\u00eda de los clientes reducen el tiempo de creaci\u00f3n de contenidos entre 3 y 5 veces. El objetivo es crear una semana completa de contenidos en aproximadamente una hora. <\/p>\n\n<h3 class=\"wp-block-heading\">\u00bfQu\u00e9 necesitas de m\u00ed?<\/h3>\n\n<p class=\"\">Un enlace a tu sitio (o producto), unas notas sobre tu p\u00fablico y 30 minutos para la llamada de preparaci\u00f3n.<\/p>\n\n<p class=\"\"><\/p>\n","protected":false},"excerpt":{"rendered":"<p>Crea una semana completa de contenidos en unos 60 minutos. Instalamos un sencillo sistema de contenidos de IA, hecho por [&hellip;]<\/p>\n","protected":false},"author":1,"featured_media":0,"parent":0,"menu_order":0,"comment_status":"closed","ping_status":"closed","template":"","meta":{"nf_dc_page":"","_uag_custom_page_level_css":"","site-sidebar-layout":"default","site-content-layout":"","ast-site-content-layout":"default","site-content-style":"default","site-sidebar-style":"default","ast-global-header-display":"","ast-banner-title-visibility":"","ast-main-header-display":"","ast-hfb-above-header-display":"","ast-hfb-below-header-display":"","ast-hfb-mobile-header-display":"","site-post-title":"","ast-breadcrumbs-content":"","ast-featured-img":"","footer-sml-layout":"","ast-disable-related-posts":"","theme-transparent-header-meta":"","adv-header-id-meta":"","stick-header-meta":"","header-above-stick-meta":"","header-main-stick-meta":"","header-below-stick-meta":"","astra-migrate-meta-layouts":"default","ast-page-background-enabled":"default","ast-page-background-meta":{"desktop":{"background-color":"var(--ast-global-color-4)","background-image":"","background-repeat":"repeat","background-position":"center center","background-size":"auto","background-attachment":"scroll","background-type":"","background-media":"","overlay-type":"","overlay-color":"","overlay-opacity":"","overlay-gradient":""},"tablet":{"background-color":"","background-image":"","background-repeat":"repeat","background-position":"center center","background-size":"auto","background-attachment":"scroll","background-type":"","background-media":"","overlay-type":"","overlay-color":"","overlay-opacity":"","overlay-gradient":""},"mobile":{"background-color":"","background-image":"","background-repeat":"repeat","background-position":"center center","background-size":"auto","background-attachment":"scroll","background-type":"","background-media":"","overlay-type":"","overlay-color":"","overlay-opacity":"","overlay-gradient":""}},"ast-content-background-meta":{"desktop":{"background-color":"var(--ast-global-color-5)","background-image":"","background-repeat":"repeat","background-position":"center center","background-size":"auto","background-attachment":"scroll","background-type":"","background-media":"","overlay-type":"","overlay-color":"","overlay-opacity":"","overlay-gradient":""},"tablet":{"background-color":"var(--ast-global-color-5)","background-image":"","background-repeat":"repeat","background-position":"center center","background-size":"auto","background-attachment":"scroll","background-type":"","background-media":"","overlay-type":"","overlay-color":"","overlay-opacity":"","overlay-gradient":""},"mobile":{"background-color":"var(--ast-global-color-5)","background-image":"","background-repeat":"repeat","background-position":"center center","background-size":"auto","background-attachment":"scroll","background-type":"","background-media":"","overlay-type":"","overlay-color":"","overlay-opacity":"","overlay-gradient":""}},"footnotes":""},"class_list":["post-2490","page","type-page","status-publish","hentry"],"yoast_head":"<!-- This site is optimized with the Yoast SEO plugin v27.3 - https:\/\/yoast.com\/product\/yoast-seo-wordpress\/ -->\n<title>Motor de contenidos de IA SoloAITool &#8211; Solo AI Tool<\/title>\n<meta name=\"robots\" content=\"index, follow, max-snippet:-1, max-image-preview:large, max-video-preview:-1\" \/>\n<link rel=\"canonical\" href=\"https:\/\/soloaitool.com\/es\/motor-de-contenidos-de-ia-soloaitool\/\" \/>\n<meta property=\"og:locale\" content=\"es_ES\" \/>\n<meta property=\"og:type\" content=\"article\" \/>\n<meta property=\"og:title\" content=\"Motor de contenidos de IA SoloAITool &#8211; Solo AI Tool\" \/>\n<meta property=\"og:description\" content=\"Crea una semana completa de contenidos en unos 60 minutos. Instalamos un sencillo sistema de contenidos de IA, hecho por [&hellip;]\" \/>\n<meta property=\"og:url\" content=\"https:\/\/soloaitool.com\/es\/motor-de-contenidos-de-ia-soloaitool\/\" \/>\n<meta property=\"og:site_name\" content=\"Solo AI Tool\" \/>\n<meta property=\"article:modified_time\" content=\"2026-02-25T18:25:22+00:00\" \/>\n<meta property=\"og:image\" content=\"https:\/\/i0.wp.com\/soloaitool.com\/wp-content\/uploads\/2025\/08\/Solo-AI-logo_app-icon.webp?fit=875%2C875&ssl=1\" \/>\n\t<meta property=\"og:image:width\" content=\"875\" \/>\n\t<meta property=\"og:image:height\" content=\"875\" \/>\n\t<meta property=\"og:image:type\" content=\"image\/webp\" \/>\n<meta name=\"twitter:card\" content=\"summary_large_image\" \/>\n<meta name=\"twitter:label1\" content=\"Tiempo de lectura\" \/>\n\t<meta name=\"twitter:data1\" content=\"2 minutos\" \/>\n<script type=\"application\/ld+json\" class=\"yoast-schema-graph\">{\"@context\":\"https:\\\/\\\/schema.org\",\"@graph\":[{\"@type\":\"WebPage\",\"@id\":\"https:\\\/\\\/soloaitool.com\\\/es\\\/motor-de-contenidos-de-ia-soloaitool\\\/\",\"url\":\"https:\\\/\\\/soloaitool.com\\\/es\\\/motor-de-contenidos-de-ia-soloaitool\\\/\",\"name\":\"Motor de contenidos de IA SoloAITool &#8211; Solo AI Tool\",\"isPartOf\":{\"@id\":\"https:\\\/\\\/soloaitool.com\\\/es\\\/#website\"},\"datePublished\":\"2026-01-19T01:13:53+00:00\",\"dateModified\":\"2026-02-25T18:25:22+00:00\",\"breadcrumb\":{\"@id\":\"https:\\\/\\\/soloaitool.com\\\/es\\\/motor-de-contenidos-de-ia-soloaitool\\\/#breadcrumb\"},\"inLanguage\":\"es\",\"potentialAction\":[{\"@type\":\"ReadAction\",\"target\":[\"https:\\\/\\\/soloaitool.com\\\/es\\\/motor-de-contenidos-de-ia-soloaitool\\\/\"]}]},{\"@type\":\"BreadcrumbList\",\"@id\":\"https:\\\/\\\/soloaitool.com\\\/es\\\/motor-de-contenidos-de-ia-soloaitool\\\/#breadcrumb\",\"itemListElement\":[{\"@type\":\"ListItem\",\"position\":1,\"name\":\"Home\",\"item\":\"https:\\\/\\\/soloaitool.com\\\/es\\\/inicio\\\/\"},{\"@type\":\"ListItem\",\"position\":2,\"name\":\"Motor de contenidos de IA SoloAITool\"}]},{\"@type\":\"WebSite\",\"@id\":\"https:\\\/\\\/soloaitool.com\\\/es\\\/#website\",\"url\":\"https:\\\/\\\/soloaitool.com\\\/es\\\/\",\"name\":\"Solo AI Tool\",\"description\":\"Empower Your Business with AI Solutions. Always Free\",\"publisher\":{\"@id\":\"https:\\\/\\\/soloaitool.com\\\/es\\\/#organization\"},\"potentialAction\":[{\"@type\":\"SearchAction\",\"target\":{\"@type\":\"EntryPoint\",\"urlTemplate\":\"https:\\\/\\\/soloaitool.com\\\/es\\\/?s={search_term_string}\"},\"query-input\":{\"@type\":\"PropertyValueSpecification\",\"valueRequired\":true,\"valueName\":\"search_term_string\"}}],\"inLanguage\":\"es\"},{\"@type\":\"Organization\",\"@id\":\"https:\\\/\\\/soloaitool.com\\\/es\\\/#organization\",\"name\":\"Solo AI Tool\",\"url\":\"https:\\\/\\\/soloaitool.com\\\/es\\\/\",\"logo\":{\"@type\":\"ImageObject\",\"inLanguage\":\"es\",\"@id\":\"https:\\\/\\\/soloaitool.com\\\/es\\\/#\\\/schema\\\/logo\\\/image\\\/\",\"url\":\"https:\\\/\\\/i0.wp.com\\\/soloaitool.com\\\/wp-content\\\/uploads\\\/2025\\\/08\\\/Solo-AI-logo_app-icon.png?fit=875%2C875&ssl=1\",\"contentUrl\":\"https:\\\/\\\/i0.wp.com\\\/soloaitool.com\\\/wp-content\\\/uploads\\\/2025\\\/08\\\/Solo-AI-logo_app-icon.png?fit=875%2C875&ssl=1\",\"width\":875,\"height\":875,\"caption\":\"Solo AI Tool\"},\"image\":{\"@id\":\"https:\\\/\\\/soloaitool.com\\\/es\\\/#\\\/schema\\\/logo\\\/image\\\/\"}}]}<\/script>\n<!-- \/ Yoast SEO plugin. -->","yoast_head_json":{"title":"Motor de contenidos de IA SoloAITool &#8211; Solo AI Tool","robots":{"index":"index","follow":"follow","max-snippet":"max-snippet:-1","max-image-preview":"max-image-preview:large","max-video-preview":"max-video-preview:-1"},"canonical":"https:\/\/soloaitool.com\/es\/motor-de-contenidos-de-ia-soloaitool\/","og_locale":"es_ES","og_type":"article","og_title":"Motor de contenidos de IA SoloAITool &#8211; Solo AI Tool","og_description":"Crea una semana completa de contenidos en unos 60 minutos. Instalamos un sencillo sistema de contenidos de IA, hecho por [&hellip;]","og_url":"https:\/\/soloaitool.com\/es\/motor-de-contenidos-de-ia-soloaitool\/","og_site_name":"Solo AI Tool","article_modified_time":"2026-02-25T18:25:22+00:00","og_image":[{"width":875,"height":875,"url":"https:\/\/i0.wp.com\/soloaitool.com\/wp-content\/uploads\/2025\/08\/Solo-AI-logo_app-icon.webp?fit=875%2C875&ssl=1","type":"image\/webp"}],"twitter_card":"summary_large_image","twitter_misc":{"Tiempo de lectura":"2 minutos"},"schema":{"@context":"https:\/\/schema.org","@graph":[{"@type":"WebPage","@id":"https:\/\/soloaitool.com\/es\/motor-de-contenidos-de-ia-soloaitool\/","url":"https:\/\/soloaitool.com\/es\/motor-de-contenidos-de-ia-soloaitool\/","name":"Motor de contenidos de IA SoloAITool &#8211; Solo AI Tool","isPartOf":{"@id":"https:\/\/soloaitool.com\/es\/#website"},"datePublished":"2026-01-19T01:13:53+00:00","dateModified":"2026-02-25T18:25:22+00:00","breadcrumb":{"@id":"https:\/\/soloaitool.com\/es\/motor-de-contenidos-de-ia-soloaitool\/#breadcrumb"},"inLanguage":"es","potentialAction":[{"@type":"ReadAction","target":["https:\/\/soloaitool.com\/es\/motor-de-contenidos-de-ia-soloaitool\/"]}]},{"@type":"BreadcrumbList","@id":"https:\/\/soloaitool.com\/es\/motor-de-contenidos-de-ia-soloaitool\/#breadcrumb","itemListElement":[{"@type":"ListItem","position":1,"name":"Home","item":"https:\/\/soloaitool.com\/es\/inicio\/"},{"@type":"ListItem","position":2,"name":"Motor de contenidos de IA SoloAITool"}]},{"@type":"WebSite","@id":"https:\/\/soloaitool.com\/es\/#website","url":"https:\/\/soloaitool.com\/es\/","name":"Solo AI Tool","description":"Empower Your Business with AI Solutions. Always Free","publisher":{"@id":"https:\/\/soloaitool.com\/es\/#organization"},"potentialAction":[{"@type":"SearchAction","target":{"@type":"EntryPoint","urlTemplate":"https:\/\/soloaitool.com\/es\/?s={search_term_string}"},"query-input":{"@type":"PropertyValueSpecification","valueRequired":true,"valueName":"search_term_string"}}],"inLanguage":"es"},{"@type":"Organization","@id":"https:\/\/soloaitool.com\/es\/#organization","name":"Solo AI Tool","url":"https:\/\/soloaitool.com\/es\/","logo":{"@type":"ImageObject","inLanguage":"es","@id":"https:\/\/soloaitool.com\/es\/#\/schema\/logo\/image\/","url":"https:\/\/i0.wp.com\/soloaitool.com\/wp-content\/uploads\/2025\/08\/Solo-AI-logo_app-icon.png?fit=875%2C875&ssl=1","contentUrl":"https:\/\/i0.wp.com\/soloaitool.com\/wp-content\/uploads\/2025\/08\/Solo-AI-logo_app-icon.png?fit=875%2C875&ssl=1","width":875,"height":875,"caption":"Solo AI Tool"},"image":{"@id":"https:\/\/soloaitool.com\/es\/#\/schema\/logo\/image\/"}}]}},"uagb_featured_image_src":{"full":false,"thumbnail":false,"medium":false,"medium_large":false,"large":false,"1536x1536":false,"2048x2048":false},"uagb_author_info":{"display_name":"Antonio De Palma","author_link":"https:\/\/soloaitool.com\/es\/author\/biggsontheshow\/"},"uagb_comment_info":0,"uagb_excerpt":"Crea una semana completa de contenidos en unos 60 minutos. Instalamos un sencillo sistema de contenidos de IA, hecho por [&hellip;]","jetpack_sharing_enabled":true,"_links":{"self":[{"href":"https:\/\/soloaitool.com\/es\/wp-json\/wp\/v2\/pages\/2490","targetHints":{"allow":["GET"]}}],"collection":[{"href":"https:\/\/soloaitool.com\/es\/wp-json\/wp\/v2\/pages"}],"about":[{"href":"https:\/\/soloaitool.com\/es\/wp-json\/wp\/v2\/types\/page"}],"author":[{"embeddable":true,"href":"https:\/\/soloaitool.com\/es\/wp-json\/wp\/v2\/users\/1"}],"replies":[{"embeddable":true,"href":"https:\/\/soloaitool.com\/es\/wp-json\/wp\/v2\/comments?post=2490"}],"version-history":[{"count":16,"href":"https:\/\/soloaitool.com\/es\/wp-json\/wp\/v2\/pages\/2490\/revisions"}],"predecessor-version":[{"id":3050,"href":"https:\/\/soloaitool.com\/es\/wp-json\/wp\/v2\/pages\/2490\/revisions\/3050"}],"wp:attachment":[{"href":"https:\/\/soloaitool.com\/es\/wp-json\/wp\/v2\/media?parent=2490"}],"curies":[{"name":"wp","href":"https:\/\/api.w.org\/{rel}","templated":true}]}}